{"id":4674,"date":"2023-07-16T14:56:19","date_gmt":"2023-07-16T14:56:19","guid":{"rendered":"https:\/\/mascotaspublicitarias.com\/legal-notice\/"},"modified":"2023-07-27T19:28:55","modified_gmt":"2023-07-27T19:28:55","slug":"legal-notice","status":"publish","type":"page","link":"https:\/\/mascotaspublicitarias.com\/en\/legal-notice\/","title":{"rendered":"Legal Notice"},"content":{"rendered":"\t\t<div data-elementor-type=\"wp-page\" data-elementor-id=\"4674\" class=\"elementor elementor-4674 elementor-3684\">\n\t\t\t\t\t\t\t\t\t<section class=\"elementor-section elementor-top-section elementor-element elementor-element-cdbc323 elementor-section-boxed elementor-section-height-default elementor-section-height-default\" data-id=\"cdbc323\" data-element_type=\"section\">\n\t\t\t\t\t\t<div class=\"elementor-container elementor-column-gap-default\">\n\t\t\t\t\t<div class=\"elementor-column elementor-col-100 elementor-top-column elementor-element elementor-element-a244209\" data-id=\"a244209\" data-element_type=\"column\">\n\t\t\t<div class=\"elementor-widget-wrap elementor-element-populated\">\n\t\t\t\t\t\t\t\t<div class=\"elementor-element elementor-element-a723c66 elementor-widget__width-initial elementor-widget elementor-widget-text-editor\" data-id=\"a723c66\" data-element_type=\"widget\" data-widget_type=\"text-editor.default\">\n\t\t\t\t<div class=\"elementor-widget-container\">\n\t\t\t<style>\/*! elementor - v3.15.0 - 02-08-2023 *\/\n.elementor-widget-text-editor.elementor-drop-cap-view-stacked .elementor-drop-cap{background-color:#69727d;color:#fff}.elementor-widget-text-editor.elementor-drop-cap-view-framed .elementor-drop-cap{color:#69727d;border:3px solid;background-color:transparent}.elementor-widget-text-editor:not(.elementor-drop-cap-view-default) .elementor-drop-cap{margin-top:8px}.elementor-widget-text-editor:not(.elementor-drop-cap-view-default) .elementor-drop-cap-letter{width:1em;height:1em}.elementor-widget-text-editor .elementor-drop-cap{float:left;text-align:center;line-height:1;font-size:50px}.elementor-widget-text-editor .elementor-drop-cap-letter{display:inline-block}<\/style>\t\t\t\t<p><b>1. OWNERSHIP<br \/><\/b>mascotaspublicitarias.com an Internet domain owned by:<\/p>\n<p>&#8211; Carlos andr\u00e9s Gudi\u00f1o<br \/>&#8211; Tax ID Y1264424J<br \/>&#8211; Paseo de la milagrosa no18 29730 Rinc\u00f3n de la Victoria &#8211; M\u00e1laga<br \/>&#8211; Tel. 677538752  <\/p>\n<p>(Hereinafter the Holder).<\/p>\n<p><b>2. GENERAL TERMS AND CONDITIONS OF USE<br \/><\/b>By accessing the Website, the User declares that he\/she accepts this Legal Notice with all its terms and conditions.<br \/>conditions of use. In any case, this Legal Notice is mandatory and binding;<br \/>any person who does not accept its terms and conditions must refrain from using the Web Site.<br \/>and\/or the services promoted by the Holder, through the same. These conditions do not<br \/>create any partnership, agency, franchise, or employment relationship between the<br \/>Holder and Users.<\/p>\n<p>This Legal Notice regulates the use of this Web Site, which the Owner makes available to the users of this Web Site.<br \/>persons accessing for the purpose of providing them with information on their own and\/or third party services<br \/>and facilitating their access and recruitment.<\/p>\n<p><b>3. APPLICABLE RULES<br \/><\/b>This Legal Notice is subject to the provisions of the Organic Law 3\/2018, on the Protection of privacy and the protection of privacy.<br \/>of Personal Data and guarantee of digital rights, dated December 5, 2018.<br \/>(LOPDGDD), EU Regulation 2016\/679 of the European Parliament and of the Council of 27<br \/>April 2016 on the protection of natural persons with regard to the processing of personal data.<br \/>the free movement of personal data and the free movement of such data and repealing Directive<br \/>95\/46\/EC (General Data Protection Regulation), Law 34\/2002 of July 11, 2002, on the protection of personal data, the<br \/>Information Society and Electronic Commerce Services, the Royal Decree-Law on the<br \/>13\/2012, of March 30, transposing directives in the area of markets<br \/>and gas and on electronic communications, and for the establishment of a new<br \/>measures are adopted for the correction of variances due to mismatches between costs and<br \/>and gas sectors, as well as any subsequent regulations that may affect them.<br \/>modify or develop.<\/p>\n<p>Both the access to the Web Site owned by the Holder and the use that can be made of the information and<br \/>contents included therein, shall be the sole responsibility of the person who performs it. The<br \/>conditions of access to the Web Site shall be subject to the laws in force and the principles of the<br \/>good faith and lawful use by the User of the same, it being generally forbidden to<br \/>any type of action to the detriment of the Holder. The use of the<br \/>Web site for illegal or unauthorized purposes.<\/p>\n<p><b>4. MODIFICATION OF THE TERMS OF USE<br \/><\/b>The Proprietor reserves the right to modify, at any time, the presentation and<br \/>configuration of the Web Site, as well as this Legal Notice. Therefore, The Holder<br \/>recommends the User to read them carefully each time he\/she accesses the Web Site. Always<br \/>shall have the Legal Notice in a visible place, freely accessible for any consultation.<br \/>you want to perform.<\/p>\n<p><b>5. DESCRIPTION OF THE SERVICES<br \/><\/b>info@comproorogoldenbull.com is the Website of the Holder and serves as a tool for<br \/>information on the services offered.<\/p>\n<p><b>6. REGISTRATION<br \/><\/b>In order to request information, the User&#8217;s data will be required, but it will not be necessary to have an<br \/>registration.<\/p>\n<p><b>7. TERMINATION<br \/><\/b>The Contractor reserves the right to interrupt or terminate the Web Site or any of the services on it, at any time and without notice, for technical or other reasons.<br \/>of any other nature, and may also unilaterally modify both the terms and conditions of the<br \/>access, as well as all or part of the contents included therein, all without prejudice to<br \/>of the rights acquired at that time.<\/p>\n<p><b>8. RESPONSIBILITIES<\/b><br \/>Links contained in the Web Site may lead to third party Web sites. The Holder does not<br \/>assumes no responsibility for the content, information or services that may be provided by the company.<br \/>appear on these sites, which shall be for informational purposes only and shall in no way<br \/>imply any relationship between the Registrant and the persons or entities that own such<br \/>contents or owners of the sites where they are located.<\/p>\n<p>The Holder shall not be liable under any circumstances for any type of damage that may be caused by<br \/>Users of this Web Site, or any other, for the illegal or improper use of this Web Site, or of its contents.<br \/>contents and information accessible or provided through it.<br \/>The Holder shall not be liable for any infringements made by users of its Web that affect<br \/>third parties.<br \/>The Proprietor does not guarantee the reliability, availability or continuity of its Web Site or its services.<br \/>Services, so that the use of the same by the user is carried out by its own<br \/>at the Holder&#8217;s own risk, without, at any time, the Holder being held responsible for it.<br \/>The Holder shall not be liable in the event of interruptions of services, delays, bad service<br \/>operation of the same and, in general, other inconveniences that have their origin in causes that<br \/>beyond the control of the Data Controller, and\/or due to a fraudulent or negligent action of the user and\/or due to<br \/>origin causes of fortuitous event or force majeure. Without prejudice to the provisions of Article 1105 of the<br \/>Civil Code, the concept of force majeure shall be understood to include, in addition, and for the purposes of the<br \/>This Legal Notice, all those events beyond the control of the Holder, such as:<br \/>failure of third parties, service operators or companies, acts of government, lack of access to public<br \/>third parties, acts or omissions of the Public Authorities, those produced as a consequence of the<br \/>of natural phenomena, power outages, etc., and the attack of hackers or third parties specialized in the<br \/>security or integrity of the computer system, provided that the Holder has adopted the necessary security measures.<br \/>reasonable safety according to the state of the art. In any case, whatever the cause,<br \/>the Holder shall not assume any liability whatsoever for direct or indirect damages, consequential damages, and\/or<br \/>for loss of profits.<br \/>The Holder will try as far as possible to update and rectify the information stored in his or her<br \/>Web site that does not comply with the minimum guarantees of veracity. However, it reports that it may<br \/>There may be any type of unintentional error and the User is free to check the content.<br \/>The Holder shall not be held responsible for the use of this Web Site by persons other than or in connection with the use of this Web Site.<br \/>references that may exist in other sites.<\/p>\n<p><b>9. INDEMNIFICATION<br \/><\/b>Users shall hold the Holder harmless for any claim or demand from<br \/>third parties in connection with the activities promoted within the Web Site or by the<br \/>breach of the Legal Notice and other policies which are deemed to be incorporated herein.<br \/>document, or for the violation of any laws or rights of third parties.<\/p>\n<p><b>10. NULLITY AND INEFFECTIVENESS OF THE CLAUSES<br \/><\/b>If any clause included in this Legal Notice or in the rest of the legal and informational text<br \/>of the Web Site is declared, in whole or in part, null and void or ineffective, such nullity or ineffectiveness<br \/>shall affect only such provision or the part thereof that is null and void or ineffective,<\/p>\n<p>the rest of the conditions established in all other respects shall continue to apply, with such<br \/>provision, or the part thereof that is affected, as not included.<\/p>\n<p><b>11. NOTIFICATIONS<br \/><\/b>All notifications, summons, requests and other communications to be sent to<br \/>the parties in relation to this Legal Notice or other legal texts and other legal documents.<br \/>information, shall be in writing and shall be deemed to have been duly<br \/>delivered by hand or sent by regular mail to the following address<br \/>address or e-mail address of the other party, or to any other address or e-mail address of the other party, or to any other address or e-mail address of the other party, or to any other address or e-mail address of the other party.<br \/>e-mail address that each party may provide to the other for this purpose.<\/p>\n<p><b>12. INTELLECTUAL AND INDUSTRIAL PROPERTY<br \/><\/b>The intellectual property rights of this Web Site, its source code, design,<br \/>navigation structures and the different elements contained therein are the property of<br \/>exclusive right of the Proprietor to exercise the rights of exploitation of the<br \/>in any form whatsoever and, in particular, the rights of reproduction, distribution,<br \/>public communication and transformation, in accordance with Spanish and European Union law.<br \/>European Union.<\/p>\n<p>Reproduction of all or part of the contents of this Web Site is strictly prohibited without the prior written permission of the copyright holder.<br \/>express written consent of the Data Subject. The unauthorized use of these<br \/>content by any other person or company shall give rise to the legal responsibilities<br \/>established.<br \/>Any form of exploitation, including any type of reproduction, is prohibited,<br \/>distribution, transfer to third parties, public communication and transformation, by means of any kind of<br \/>medium, of the aforementioned works, creations and distinctive signs without previous authorization and without<br \/>of their respective owners. Failure to comply with this prohibition may constitute an infraction.<br \/>punishable under current legislation.<br \/>It is forbidden, except in cases expressly authorized by the Owner, to present this Web Site or the<br \/>information contained therein under frames or frames, distinctive signs, trademarks or trade names<br \/>or business of another person, company or entity by expressly including the content of the<br \/>photographic material that is considered the exclusive property of the Holder.<br \/>Infringement of any of the aforementioned rights may constitute a violation of the present<br \/>conditions, as well as an offense punishable under Articles 270 et seq. of the Code.<br \/>Criminal.<br \/>The Holder is not responsible for the use that the User makes of the Website Services,<br \/>or any material that it includes on this Web Site that may infringe the rights of third parties.<br \/>intellectual or industrial property rights or any other third party rights.<\/p>\n<p><b>13. JURISDICTION<br \/><\/b>For any questions that may arise regarding the interpretation, application and enforcement of<br \/>this Legal Notice, as well as for any claims that may arise from its use, all the<br \/>The intervening parties submit to the Courts and Tribunals that correspond according to their jurisdiction.<\/p>\n\t\t\t\t\t\t<\/div>\n\t\t\t\t<\/div>\n\t\t\t\t\t<\/div>\n\t\t<\/div>\n\t\t\t\t\t\t\t<\/div>\n\t\t<\/section>\n\t\t\t\t\t\t\t<\/div>\n\t\t","protected":false},"excerpt":{"rendered":"<p>1. OWNERSHIPmascotaspublicitarias.com an Internet domain owned by: &#8211; Carlos andr\u00e9s Gudi\u00f1o&#8211; Tax ID Y1264424J&#8211; Paseo de la milagrosa no18 29730 Rinc\u00f3n de la Victoria &#8211; M\u00e1laga&#8211; Tel. 677538752 (Hereinafter the&hellip;<\/p>\n","protected":false},"author":1,"featured_media":0,"parent":0,"menu_order":0,"comment_status":"closed","ping_status":"closed","template":"","meta":{"_joinchat":[],"footnotes":""},"class_list":["post-4674","page","type-page","status-publish","hentry"],"aioseo_notices":[],"_links":{"self":[{"href":"https:\/\/mascotaspublicitarias.com\/en\/wp-json\/wp\/v2\/pages\/4674","targetHints":{"allow":["GET"]}}],"collection":[{"href":"https:\/\/mascotaspublicitarias.com\/en\/wp-json\/wp\/v2\/pages"}],"about":[{"href":"https:\/\/mascotaspublicitarias.com\/en\/wp-json\/wp\/v2\/types\/page"}],"author":[{"embeddable":true,"href":"https:\/\/mascotaspublicitarias.com\/en\/wp-json\/wp\/v2\/users\/1"}],"replies":[{"embeddable":true,"href":"https:\/\/mascotaspublicitarias.com\/en\/wp-json\/wp\/v2\/comments?post=4674"}],"version-history":[{"count":1,"href":"https:\/\/mascotaspublicitarias.com\/en\/wp-json\/wp\/v2\/pages\/4674\/revisions"}],"predecessor-version":[{"id":4682,"href":"https:\/\/mascotaspublicitarias.com\/en\/wp-json\/wp\/v2\/pages\/4674\/revisions\/4682"}],"wp:attachment":[{"href":"https:\/\/mascotaspublicitarias.com\/en\/wp-json\/wp\/v2\/media?parent=4674"}],"curies":[{"name":"wp","href":"https:\/\/api.w.org\/{rel}","templated":true}]}}